{"id":6000,"date":"2025-11-16T03:21:38","date_gmt":"2025-11-16T02:21:38","guid":{"rendered":"https:\/\/astridnagbo.com\/?page_id=6000"},"modified":"2025-11-24T15:23:45","modified_gmt":"2025-11-24T14:23:45","slug":"le-studio","status":"publish","type":"page","link":"https:\/\/astridnagbo.com\/index.php\/le-studio\/","title":{"rendered":"Le studio"},"content":{"rendered":"\t\t<div data-elementor-type=\"wp-page\" data-elementor-id=\"6000\" class=\"elementor elementor-6000\">\n\t\t\t\t<div class=\"elementor-element elementor-element-c7f950b e-flex e-con-boxed e-con e-parent\" data-id=\"c7f950b\" data-element_type=\"container\" data-settings=\"{&quot;background_background&quot;:&quot;classic&quot;}\">\n\t\t\t\t\t<div class=\"e-con-inner\">\n\t\t\t\t<div class=\"elementor-element elementor-element-8d4a4e9 elementor-widget__width-initial elementor-widget elementor-widget-heading\" data-id=\"8d4a4e9\" data-element_type=\"widget\" data-widget_type=\"heading.default\">\n\t\t\t\t<div class=\"elementor-widget-container\">\n\t\t\t<style>\/*! elementor - v3.21.0 - 18-04-2024 *\/\n.elementor-heading-title{padding:0;margin:0;line-height:1}.elementor-widget-heading .elementor-heading-title[class*=elementor-size-]>a{color:inherit;font-size:inherit;line-height:inherit}.elementor-widget-heading .elementor-heading-title.elementor-size-small{font-size:15px}.elementor-widget-heading .elementor-heading-title.elementor-size-medium{font-size:19px}.elementor-widget-heading .elementor-heading-title.elementor-size-large{font-size:29px}.elementor-widget-heading .elementor-heading-title.elementor-size-xl{font-size:39px}.elementor-widget-heading .elementor-heading-title.elementor-size-xxl{font-size:59px}<\/style><h2 class=\"elementor-heading-title elementor-size-default\">L'offre<\/h2>\t\t<\/div>\n\t\t\t\t<\/div>\n\t\t\t\t<div class=\"elementor-element elementor-element-84b817d elementor-widget__width-initial elementor-widget elementor-widget-heading\" data-id=\"84b817d\" data-element_type=\"widget\" data-widget_type=\"heading.default\">\n\t\t\t\t<div class=\"elementor-widget-container\">\n\t\t\t<h2 class=\"elementor-heading-title elementor-size-default\">du studio<\/h2>\t\t<\/div>\n\t\t\t\t<\/div>\n\t\t\t\t\t<\/div>\n\t\t\t\t<\/div>\n\t\t<div class=\"elementor-element elementor-element-bb75acc e-flex e-con-boxed e-con e-parent\" data-id=\"bb75acc\" data-element_type=\"container\">\n\t\t\t\t\t<div class=\"e-con-inner\">\n\t\t<div class=\"elementor-element elementor-element-d213328 e-con-full e-flex e-con e-child\" data-id=\"d213328\" data-element_type=\"container\">\n\t\t\t\t<div class=\"elementor-element elementor-element-8aa7e70 elementor-align-center elementor-widget elementor-widget-button\" data-id=\"8aa7e70\" data-element_type=\"widget\" data-widget_type=\"button.default\">\n\t\t\t\t<div class=\"elementor-widget-container\">\n\t\t\t\t\t<div class=\"elementor-button-wrapper\">\n\t\t\t<a class=\"elementor-button elementor-button-link elementor-size-sm\" href=\"#\">\n\t\t\t\t\t\t<span class=\"elementor-button-content-wrapper\">\n\t\t\t\t\t\t\t\t\t<span class=\"elementor-button-text\">Pack Essentiel<\/span>\n\t\t\t\t\t<\/span>\n\t\t\t\t\t<\/a>\n\t\t<\/div>\n\t\t\t\t<\/div>\n\t\t\t\t<\/div>\n\t\t\t\t<div class=\"elementor-element elementor-element-c6e1280 elementor-widget elementor-widget-text-editor\" data-id=\"c6e1280\" data-element_type=\"widget\" data-widget_type=\"text-editor.default\">\n\t\t\t\t<div class=\"elementor-widget-container\">\n\t\t\t<style>\/*! elementor - v3.21.0 - 18-04-2024 *\/\n.elementor-widget-text-editor.elementor-drop-cap-view-stacked .elementor-drop-cap{background-color:#69727d;color:#fff}.elementor-widget-text-editor.elementor-drop-cap-view-framed .elementor-drop-cap{color:#69727d;border:3px solid;background-color:transparent}.elementor-widget-text-editor:not(.elementor-drop-cap-view-default) .elementor-drop-cap{margin-top:8px}.elementor-widget-text-editor:not(.elementor-drop-cap-view-default) .elementor-drop-cap-letter{width:1em;height:1em}.elementor-widget-text-editor .elementor-drop-cap{float:left;text-align:center;line-height:1;font-size:50px}.elementor-widget-text-editor .elementor-drop-cap-letter{display:inline-block}<\/style>\t\t\t\t<p>Votre Kit de D\u00e9marrage Professionnel. Tous les <em><strong>\u00e9l\u00e9ments indispensables<\/strong><\/em> pour construire une identit\u00e9 visuelle forte et d\u00e9buter votre activit\u00e9 avec cr\u00e9dibilit\u00e9.<\/p>\t\t\t\t\t\t<\/div>\n\t\t\t\t<\/div>\n\t\t\t\t<\/div>\n\t\t<div class=\"elementor-element elementor-element-38b5eea e-con-full e-flex e-con e-child\" data-id=\"38b5eea\" data-element_type=\"container\">\n\t\t\t\t<div class=\"elementor-element elementor-element-59e8592 elementor-align-center elementor-widget elementor-widget-button\" data-id=\"59e8592\" data-element_type=\"widget\" data-widget_type=\"button.default\">\n\t\t\t\t<div class=\"elementor-widget-container\">\n\t\t\t\t\t<div class=\"elementor-button-wrapper\">\n\t\t\t<a class=\"elementor-button elementor-button-link elementor-size-sm\" href=\"#\">\n\t\t\t\t\t\t<span class=\"elementor-button-content-wrapper\">\n\t\t\t\t\t\t\t\t\t<span class=\"elementor-button-text\">Le Forfait +<\/span>\n\t\t\t\t\t<\/span>\n\t\t\t\t\t<\/a>\n\t\t<\/div>\n\t\t\t\t<\/div>\n\t\t\t\t<\/div>\n\t\t\t\t<div class=\"elementor-element elementor-element-4609cc9 elementor-widget elementor-widget-text-editor\" data-id=\"4609cc9\" data-element_type=\"widget\" data-widget_type=\"text-editor.default\">\n\t\t\t\t<div class=\"elementor-widget-container\">\n\t\t\t\t\t\t\t<p>Optez pour une tarification transparente : un <em><strong>forfait fixe<\/strong><\/em>, <em><strong>clair<\/strong><\/em> et <em><strong>sans frais cach\u00e9s<\/strong><\/em>. Un ciblage pr\u00e9cis de vos besoins sera effectu\u00e9 en amont pour garantir que l&rsquo;offre couvre l&rsquo;int\u00e9gralit\u00e9 de votre projet.<\/p>\t\t\t\t\t\t<\/div>\n\t\t\t\t<\/div>\n\t\t\t\t<\/div>\n\t\t<div class=\"elementor-element elementor-element-d69e067 e-con-full e-flex e-con e-child\" data-id=\"d69e067\" data-element_type=\"container\">\n\t\t\t\t<div class=\"elementor-element elementor-element-cb86366 elementor-align-center elementor-widget elementor-widget-button\" data-id=\"cb86366\" data-element_type=\"widget\" data-widget_type=\"button.default\">\n\t\t\t\t<div class=\"elementor-widget-container\">\n\t\t\t\t\t<div class=\"elementor-button-wrapper\">\n\t\t\t<a class=\"elementor-button elementor-button-link elementor-size-sm\" href=\"#\">\n\t\t\t\t\t\t<span class=\"elementor-button-content-wrapper\">\n\t\t\t\t\t\t\t\t\t<span class=\"elementor-button-text\">Le sur-mesure<\/span>\n\t\t\t\t\t<\/span>\n\t\t\t\t\t<\/a>\n\t\t<\/div>\n\t\t\t\t<\/div>\n\t\t\t\t<\/div>\n\t\t\t\t<div class=\"elementor-element elementor-element-1a352de elementor-widget elementor-widget-text-editor\" data-id=\"1a352de\" data-element_type=\"widget\" data-widget_type=\"text-editor.default\">\n\t\t\t\t<div class=\"elementor-widget-container\">\n\t\t\t\t\t\t\t<p>Vos besoins sont ma priorit\u00e9.<br \/>Obtenez une offre personnalis\u00e9e et d\u00e9taill\u00e9e via un <em><strong>devis sur-mesure<\/strong><\/em> et <strong><em>sans<\/em> engagement<\/strong>.<\/p>\t\t\t\t\t\t<\/div>\n\t\t\t\t<\/div>\n\t\t\t\t<\/div>\n\t\t\t\t\t<\/div>\n\t\t\t\t<\/div>\n\t\t<div class=\"elementor-element elementor-element-653e222 e-con-full e-flex e-con e-parent\" data-id=\"653e222\" data-element_type=\"container\" data-settings=\"{&quot;background_background&quot;:&quot;classic&quot;}\">\n\t\t<div class=\"elementor-element elementor-element-1dbf8f7 e-con-full e-flex e-con e-child\" data-id=\"1dbf8f7\" data-element_type=\"container\">\n\t\t\t\t<div class=\"elementor-element elementor-element-d6d7475 elementor-widget__width-initial elementor-widget elementor-widget-heading\" data-id=\"d6d7475\" data-element_type=\"widget\" data-widget_type=\"heading.default\">\n\t\t\t\t<div class=\"elementor-widget-container\">\n\t\t\t<h2 class=\"elementor-heading-title elementor-size-default\">Pack<\/h2>\t\t<\/div>\n\t\t\t\t<\/div>\n\t\t\t\t<div class=\"elementor-element elementor-element-276e71d elementor-widget__width-initial elementor-widget elementor-widget-heading\" data-id=\"276e71d\" data-element_type=\"widget\" data-widget_type=\"heading.default\">\n\t\t\t\t<div class=\"elementor-widget-container\">\n\t\t\t<h2 class=\"elementor-heading-title elementor-size-default\">Essentiel<\/h2>\t\t<\/div>\n\t\t\t\t<\/div>\n\t\t<div class=\"elementor-element elementor-element-e78b1e2 e-grid e-con-boxed e-con e-child\" data-id=\"e78b1e2\" data-element_type=\"container\">\n\t\t\t\t\t<div class=\"e-con-inner\">\n\t\t\t\t<div class=\"elementor-element elementor-element-1b1d0fb elementor-widget elementor-widget-text-editor\" data-id=\"1b1d0fb\" data-element_type=\"widget\" data-widget_type=\"text-editor.default\">\n\t\t\t\t<div class=\"elementor-widget-container\">\n\t\t\t\t\t\t\t<p><strong>Qu\u2019est-ce que c\u2019est ?<\/strong><\/p><p>Ce pack est votre feuille de route pour une <strong>identit\u00e9 visuelle <\/strong>compl\u00e8te. Nous travaillerons en \u00e9troite collaboration pour <strong>donner vie au logo<\/strong> parfait. Je mets mes comp\u00e9tences en design et ma connaissance des codes graphiques au service de votre vision, afin de cr\u00e9er une image qui vous ressemble, qui attire votre cible, et qui est con\u00e7ue pour durer.<\/p>\t\t\t\t\t\t<\/div>\n\t\t\t\t<\/div>\n\t\t\t\t<div class=\"elementor-element elementor-element-1af86bc elementor-widget elementor-widget-text-editor\" data-id=\"1af86bc\" data-element_type=\"widget\" data-widget_type=\"text-editor.default\">\n\t\t\t\t<div class=\"elementor-widget-container\">\n\t\t\t\t\t\t\t<p><strong>Pour qui ?<\/strong><\/p><p>Id\u00e9al pour <strong>toute personne <\/strong>ou<strong> entreprise<\/strong> souhaitant cr\u00e9er un logo professionnel et obtenir les <strong>bases essentielles<\/strong> pour d\u00e9marrer son activit\u00e9.<\/p>\t\t\t\t\t\t<\/div>\n\t\t\t\t<\/div>\n\t\t\t\t\t<\/div>\n\t\t\t\t<\/div>\n\t\t\t\t<\/div>\n\t\t<div class=\"elementor-element elementor-element-17900e2 e-con-full e-flex e-con e-child\" data-id=\"17900e2\" data-element_type=\"container\" data-settings=\"{&quot;background_background&quot;:&quot;classic&quot;}\">\n\t\t\t\t<div class=\"elementor-element elementor-element-2780d85 elementor-widget__width-inherit elementor-widget elementor-widget-text-editor\" data-id=\"2780d85\" data-element_type=\"widget\" data-widget_type=\"text-editor.default\">\n\t\t\t\t<div class=\"elementor-widget-container\">\n\t\t\t\t\t\t\t<p><strong>Les livrables<\/strong><\/p><p>Logo finalis\u00e9<br \/>D\u00e9clinaison des versions du logo<br \/>Palette de couleurs<br \/>D\u00e9finition des couleurs principales<br \/>Typographies<br \/>R\u00e8gles d&rsquo;utilisation du logo, zones de protection minimales et interdits<\/p><p><strong>+ 1 Support d&rsquo;application<\/strong><\/p><p style=\"text-align: left;\">Charte Graphique <em><strong>simplifi\u00e9<\/strong><\/em><\/p>\t\t\t\t\t\t<\/div>\n\t\t\t\t<\/div>\n\t\t\t\t<div class=\"elementor-element elementor-element-4d7adaf elementor-widget elementor-widget-spacer\" data-id=\"4d7adaf\" data-element_type=\"widget\" data-widget_type=\"spacer.default\">\n\t\t\t\t<div class=\"elementor-widget-container\">\n\t\t\t<style>\/*! elementor - v3.21.0 - 18-04-2024 *\/\n.elementor-column .elementor-spacer-inner{height:var(--spacer-size)}.e-con{--container-widget-width:100%}.e-con-inner>.elementor-widget-spacer,.e-con>.elementor-widget-spacer{width:var(--container-widget-width,var(--spacer-size));--align-self:var(--container-widget-align-self,initial);--flex-shrink:0}.e-con-inner>.elementor-widget-spacer>.elementor-widget-container,.e-con>.elementor-widget-spacer>.elementor-widget-container{height:100%;width:100%}.e-con-inner>.elementor-widget-spacer>.elementor-widget-container>.elementor-spacer,.e-con>.elementor-widget-spacer>.elementor-widget-container>.elementor-spacer{height:100%}.e-con-inner>.elementor-widget-spacer>.elementor-widget-container>.elementor-spacer>.elementor-spacer-inner,.e-con>.elementor-widget-spacer>.elementor-widget-container>.elementor-spacer>.elementor-spacer-inner{height:var(--container-widget-height,var(--spacer-size))}.e-con-inner>.elementor-widget-spacer.elementor-widget-empty,.e-con>.elementor-widget-spacer.elementor-widget-empty{position:relative;min-height:22px;min-width:22px}.e-con-inner>.elementor-widget-spacer.elementor-widget-empty .elementor-widget-empty-icon,.e-con>.elementor-widget-spacer.elementor-widget-empty .elementor-widget-empty-icon{position:absolute;top:0;bottom:0;left:0;right:0;margin:auto;padding:0;width:22px;height:22px}<\/style>\t\t<div class=\"elementor-spacer\">\n\t\t\t<div class=\"elementor-spacer-inner\"><\/div>\n\t\t<\/div>\n\t\t\t\t<\/div>\n\t\t\t\t<\/div>\n\t\t\t\t<div class=\"elementor-element elementor-element-5802b2d elementor-align-center elementor-widget elementor-widget-button\" data-id=\"5802b2d\" data-element_type=\"widget\" data-widget_type=\"button.default\">\n\t\t\t\t<div class=\"elementor-widget-container\">\n\t\t\t\t\t<div class=\"elementor-button-wrapper\">\n\t\t\t<a class=\"elementor-button elementor-button-link elementor-size-sm\" href=\"mailto:astridnagbo@gmail.com\">\n\t\t\t\t\t\t<span class=\"elementor-button-content-wrapper\">\n\t\t\t\t\t\t\t\t\t<span class=\"elementor-button-text\">Acheter son Pack logo<\/span>\n\t\t\t\t\t<\/span>\n\t\t\t\t\t<\/a>\n\t\t<\/div>\n\t\t\t\t<\/div>\n\t\t\t\t<\/div>\n\t\t\t\t<\/div>\n\t\t\t\t<\/div>\n\t\t<div class=\"elementor-element elementor-element-11e9389 e-con-full e-flex e-con e-parent\" data-id=\"11e9389\" data-element_type=\"container\" data-settings=\"{&quot;background_background&quot;:&quot;classic&quot;}\">\n\t\t<div class=\"elementor-element elementor-element-b3e6c03 e-con-full e-flex e-con e-child\" data-id=\"b3e6c03\" data-element_type=\"container\">\n\t\t\t\t<div class=\"elementor-element elementor-element-5fcca3f elementor-widget__width-initial elementor-widget elementor-widget-heading\" data-id=\"5fcca3f\" data-element_type=\"widget\" data-widget_type=\"heading.default\">\n\t\t\t\t<div class=\"elementor-widget-container\">\n\t\t\t<h2 class=\"elementor-heading-title elementor-size-default\">Le<\/h2>\t\t<\/div>\n\t\t\t\t<\/div>\n\t\t\t\t<div class=\"elementor-element elementor-element-b8a152a elementor-widget__width-initial elementor-widget elementor-widget-heading\" data-id=\"b8a152a\" data-element_type=\"widget\" data-widget_type=\"heading.default\">\n\t\t\t\t<div class=\"elementor-widget-container\">\n\t\t\t<h2 class=\"elementor-heading-title elementor-size-default\">Forfait +<\/h2>\t\t<\/div>\n\t\t\t\t<\/div>\n\t\t<div class=\"elementor-element elementor-element-6dcb571 e-grid e-con-boxed e-con e-child\" data-id=\"6dcb571\" data-element_type=\"container\">\n\t\t\t\t\t<div class=\"e-con-inner\">\n\t\t\t\t<div class=\"elementor-element elementor-element-314653c elementor-widget elementor-widget-text-editor\" data-id=\"314653c\" data-element_type=\"widget\" data-widget_type=\"text-editor.default\">\n\t\t\t\t<div class=\"elementor-widget-container\">\n\t\t\t\t\t\t\t<p><strong>Qu\u2019est-ce que c\u2019est ?<\/strong><\/p><p>La formule qui vous ressemble, flexible et ajustable \u00e0 tout moment. Profitez en <strong>+<\/strong> d&rsquo;un <strong>accompagnement<\/strong> sur mesure et <strong>personnalis\u00e9<\/strong>, du d\u00e9but \u00e0 la fin de notre partenariat.<\/p>\t\t\t\t\t\t<\/div>\n\t\t\t\t<\/div>\n\t\t\t\t<div class=\"elementor-element elementor-element-d1947a9 elementor-widget elementor-widget-text-editor\" data-id=\"d1947a9\" data-element_type=\"widget\" data-widget_type=\"text-editor.default\">\n\t\t\t\t<div class=\"elementor-widget-container\">\n\t\t\t\t\t\t\t<p><strong>Pour qui ?<\/strong><br \/><br \/>Une formule accessible \u00e0 tous : optimisez votre budget en l&rsquo;alignant pr\u00e9cis\u00e9ment sur vos besoins et la dur\u00e9e de votre choix.\u00a0\u00a0<\/p>\t\t\t\t\t\t<\/div>\n\t\t\t\t<\/div>\n\t\t\t\t\t<\/div>\n\t\t\t\t<\/div>\n\t\t\t\t<div class=\"elementor-element elementor-element-1a92ee9 elementor-align-center elementor-widget elementor-widget-button\" data-id=\"1a92ee9\" data-element_type=\"widget\" data-widget_type=\"button.default\">\n\t\t\t\t<div class=\"elementor-widget-container\">\n\t\t\t\t\t<div class=\"elementor-button-wrapper\">\n\t\t\t<a class=\"elementor-button elementor-button-link elementor-size-sm\" href=\"mailto:astridnagbo@gmail.com\">\n\t\t\t\t\t\t<span class=\"elementor-button-content-wrapper\">\n\t\t\t\t\t\t\t\t\t<span class=\"elementor-button-text\">Cr\u00e9er sa formule<\/span>\n\t\t\t\t\t<\/span>\n\t\t\t\t\t<\/a>\n\t\t<\/div>\n\t\t\t\t<\/div>\n\t\t\t\t<\/div>\n\t\t\t\t<\/div>\n\t\t\t\t<\/div>\n\t\t<div class=\"elementor-element elementor-element-72f081e e-con-full e-flex e-con e-parent\" data-id=\"72f081e\" data-element_type=\"container\" data-settings=\"{&quot;background_background&quot;:&quot;classic&quot;}\">\n\t\t<div class=\"elementor-element elementor-element-0769479 e-con-full e-flex e-con e-child\" data-id=\"0769479\" data-element_type=\"container\">\n\t\t\t\t<div class=\"elementor-element elementor-element-67bd602 elementor-widget__width-initial elementor-widget elementor-widget-heading\" data-id=\"67bd602\" data-element_type=\"widget\" data-widget_type=\"heading.default\">\n\t\t\t\t<div class=\"elementor-widget-container\">\n\t\t\t<h2 class=\"elementor-heading-title elementor-size-default\">Le<\/h2>\t\t<\/div>\n\t\t\t\t<\/div>\n\t\t\t\t<div class=\"elementor-element elementor-element-475c304 elementor-widget__width-initial elementor-widget elementor-widget-heading\" data-id=\"475c304\" data-element_type=\"widget\" data-widget_type=\"heading.default\">\n\t\t\t\t<div class=\"elementor-widget-container\">\n\t\t\t<h2 class=\"elementor-heading-title elementor-size-default\">Sur-mesure<\/h2>\t\t<\/div>\n\t\t\t\t<\/div>\n\t\t<div class=\"elementor-element elementor-element-e963ff9 e-grid e-con-boxed e-con e-child\" data-id=\"e963ff9\" data-element_type=\"container\">\n\t\t\t\t\t<div class=\"e-con-inner\">\n\t\t\t\t<div class=\"elementor-element elementor-element-16e2417 elementor-widget elementor-widget-text-editor\" data-id=\"16e2417\" data-element_type=\"widget\" data-widget_type=\"text-editor.default\">\n\t\t\t\t<div class=\"elementor-widget-container\">\n\t\t\t\t\t\t\t<p><strong>Qu\u2019est-ce que c\u2019est ?<\/strong><\/p><p>La formule qui vous ressemble, flexible et ajustable \u00e0 tout moment. Profitez en <strong>+<\/strong> d&rsquo;un <strong>accompagnement<\/strong> sur mesure et <strong>personnalis\u00e9<\/strong>, du d\u00e9but \u00e0 la fin de notre partenariat.<\/p>\t\t\t\t\t\t<\/div>\n\t\t\t\t<\/div>\n\t\t\t\t<div class=\"elementor-element elementor-element-8f3866e elementor-widget elementor-widget-text-editor\" data-id=\"8f3866e\" data-element_type=\"widget\" data-widget_type=\"text-editor.default\">\n\t\t\t\t<div class=\"elementor-widget-container\">\n\t\t\t\t\t\t\t<p><strong>Pour qui ?<\/strong><br \/><br \/>Une formule accessible \u00e0 tous : optimisez votre budget en l&rsquo;alignant pr\u00e9cis\u00e9ment sur vos besoins et la dur\u00e9e de votre choix.\u00a0\u00a0<\/p>\t\t\t\t\t\t<\/div>\n\t\t\t\t<\/div>\n\t\t\t\t\t<\/div>\n\t\t\t\t<\/div>\n\t\t\t\t<div class=\"elementor-element elementor-element-b9ea4e4 elementor-align-center elementor-widget elementor-widget-button\" data-id=\"b9ea4e4\" data-element_type=\"widget\" data-widget_type=\"button.default\">\n\t\t\t\t<div class=\"elementor-widget-container\">\n\t\t\t\t\t<div class=\"elementor-button-wrapper\">\n\t\t\t<a class=\"elementor-button elementor-button-link elementor-size-sm\" href=\"mailto:astridnagbo@gmail.com\">\n\t\t\t\t\t\t<span class=\"elementor-button-content-wrapper\">\n\t\t\t\t\t\t\t\t\t<span class=\"elementor-button-text\">Expliquer son projet<\/span>\n\t\t\t\t\t<\/span>\n\t\t\t\t\t<\/a>\n\t\t<\/div>\n\t\t\t\t<\/div>\n\t\t\t\t<\/div>\n\t\t\t\t<\/div>\n\t\t\t\t<\/div>\n\t\t<div class=\"elementor-element elementor-element-b17cb79 e-flex e-con-boxed e-con e-parent\" data-id=\"b17cb79\" data-element_type=\"container\">\n\t\t\t\t\t<div class=\"e-con-inner\">\n\t\t\t\t<div class=\"elementor-element elementor-element-e546c02 elementor-widget elementor-widget-text-editor\" data-id=\"e546c02\" data-element_type=\"widget\" data-widget_type=\"text-editor.default\">\n\t\t\t\t<div class=\"elementor-widget-container\">\n\t\t\t\t\t\t\t<p style=\"text-align: center;\">Mail : astridnagbo@gmail.com I Instagram : @astridnagbo I LinkedIn : Astrid Nagbo<\/p>\t\t\t\t\t\t<\/div>\n\t\t\t\t<\/div>\n\t\t\t\t\t<\/div>\n\t\t\t\t<\/div>\n\t\t\t\t<\/div>\n\t\t","protected":false},"excerpt":{"rendered":"<p>L&rsquo;offre du studio Pack Essentiel Votre Kit de D\u00e9marrage Professionnel. Tous les \u00e9l\u00e9ments indispensables pour construire une identit\u00e9 visuelle forte et d\u00e9buter votre activit\u00e9 avec cr\u00e9dibilit\u00e9. Le Forfait + Optez pour une tarification transparente : un forfait fixe, clair et sans frais cach\u00e9s. Un ciblage pr\u00e9cis de vos besoins sera effectu\u00e9 en amont pour garantir [&hellip;]<\/p>\n","protected":false},"author":1,"featured_media":0,"parent":0,"menu_order":0,"comment_status":"closed","ping_status":"closed","template":"","meta":{"footnotes":""},"class_list":["post-6000","page","type-page","status-publish","hentry","isotope-item"],"jetpack_sharing_enabled":true,"_links":{"self":[{"href":"https:\/\/astridnagbo.com\/index.php\/wp-json\/wp\/v2\/pages\/6000","targetHints":{"allow":["GET"]}}],"collection":[{"href":"https:\/\/astridnagbo.com\/index.php\/wp-json\/wp\/v2\/pages"}],"about":[{"href":"https:\/\/astridnagbo.com\/index.php\/wp-json\/wp\/v2\/types\/page"}],"author":[{"embeddable":true,"href":"https:\/\/astridnagbo.com\/index.php\/wp-json\/wp\/v2\/users\/1"}],"replies":[{"embeddable":true,"href":"https:\/\/astridnagbo.com\/index.php\/wp-json\/wp\/v2\/comments?post=6000"}],"version-history":[{"count":442,"href":"https:\/\/astridnagbo.com\/index.php\/wp-json\/wp\/v2\/pages\/6000\/revisions"}],"predecessor-version":[{"id":6462,"href":"https:\/\/astridnagbo.com\/index.php\/wp-json\/wp\/v2\/pages\/6000\/revisions\/6462"}],"wp:attachment":[{"href":"https:\/\/astridnagbo.com\/index.php\/wp-json\/wp\/v2\/media?parent=6000"}],"curies":[{"name":"wp","href":"https:\/\/api.w.org\/{rel}","templated":true}]}}